{"id":100,"date":"2023-04-30T19:50:03","date_gmt":"2023-04-30T17:50:03","guid":{"rendered":"https:\/\/uonda.ch\/?page_id=100"},"modified":"2025-05-25T16:20:30","modified_gmt":"2025-05-25T14:20:30","slug":"reglement","status":"publish","type":"page","link":"https:\/\/uonda.ch\/it\/reglement\/","title":{"rendered":"Regolamento"},"content":{"rendered":"<p><br \/><br \/><br \/><\/p>\r\n<h2>Regolamento<\/h2>\r\n<p><br \/><br \/><br \/><br \/><br \/><\/p>\r\n<p>Condizioni di partecipazione:<\/p>\r\n<p><br \/><br \/><br \/><\/p>\r\n<p><span style=\"font-size: 12.0pt;\">Sono ammesse tutte le imbarcazoni a remi a prova di vento e onde, secondo le vigenti norme di legge. Una persona \u00e8 responsiabile per labarca e per tutto l\u00eaquipaggio. Et\u00e0 minima del responsabile: 16 anni.\u00a0<\/span><\/p>\r\n<p><br \/><br \/><br \/><br \/><br \/><\/p>\r\n<p>Attrezzatura:<\/p>\r\n<p><br \/><br \/><br \/><\/p>\r\n<p>Un giubbotto de <strong>salvataggio adeguato \u00e8 obbligatorio<\/strong> per tutti i partecipanti. A second del tempo vestiti contro il freddo \u00e8 richiesto.\u00a0<\/p>\r\n<p><br \/><br \/><br \/><br \/><br \/><\/p>\r\n<p>Svolgimento:<\/p>\r\n<p><br \/><br \/><br \/><\/p>\r\n<p>La gara ha luogo in condizion accettabili. Il comitato organizzatore pu\u00f2 annullare o interrompere lo svolgimento in ogni momento.\u00a0<\/p>\r\n<p><br \/><br \/><br \/><br \/><br \/><\/p>\r\n<p>Iscrizone:\u00a0<\/p>\r\n<p><br \/><br \/><br \/><\/p>\r\n<p><span style=\"background-color: transparent;\">Iscrizone con modulo sulla homepage, via e-mail o con costo supplementare al ritiro dei pettorali. Con l&#8217;iscrizione \u00e8 obbligatroio firmare una rinuncia di risarcimento danni.\u00a0<\/span><\/p>\r\n<p><br \/><br \/><br \/><br \/><br \/><\/p>\r\n<p>Quota di iscrizone:<\/p>\r\n<p><br \/><br \/><br \/><\/p>\r\n<p><span style=\"background-color: transparent;\">La quota di iscrizione \u00e8 pagata al ritiro dei pettorali.\u00a0<\/span><\/p>\r\n<p><br \/><br \/><br \/><br \/><br \/><\/p>\r\n<p><span style=\"background-color: transparent;\">Ritiro pettorali:\u00a0<\/span><\/p>\r\n<p><br \/><br \/><br \/><\/p>\r\n<p><span style=\"background-color: transparent;\">Pettorali e altro materiale dalle 8:30 a disposizione all&#8217;ufficio gara presso il ristorante Murtar\u00f6l a Plaun da Lej.\u00a0<\/span><\/p>\r\n<p><br \/><br \/><br \/><br \/><br \/><\/p>\r\n<p><span style=\"background-color: transparent;\">Partenza:\u00a0<\/span><\/p>\r\n<p><br \/><br \/><br \/><\/p>\r\n<p><span style=\"background-color: transparent;\">Pettorali e altro materiale dalle 8:30 a disposizione all&#8217;ufficio gara presso il ristorante Murtar\u00f6l a Plaun da Lej.\u00a0<\/span><\/p>\r\n<p><br \/><br \/><br \/><br \/><br \/><\/p>\r\n<p>Percorso:<\/p>\r\n<p><br \/><br \/><br \/><\/p>\r\n<p>I posti di controllo devono essere avvicinati uno dopp l&#8217;altro K1-K9 o da K4-K9 per il percorso corto. Il posti devono essere avvicinati in modo da poter riconosecere le lettere sotto l&#8217;immagine. Le lettere compongono una parola chiave. La motobarca di linea ha la precedenza assoluta su tutto il percorso.<\/p>\r\n<p><br \/><br \/><br \/><br \/><br \/><\/p>\r\n<p>Emergenze:<\/p>\r\n<p><br \/><br \/><br \/><\/p>\r\n<p>In qualsiasi momento tutti i partecipanti sono tenuti ad aiutarsi in caso di pericolo. In caso d&#8217;emergenza allertare io motoscafo al numero +41 79 504 10 64.<\/p>\r\n<p><!--18--><\/p>\r\n<p><br \/><br \/><br \/><br \/><br \/><\/p>\r\n<p>Arrivo:<\/p>\r\n<p><br \/><br \/><br \/><\/p>\r\n<p>La linea dell&#8217;arrivo \u00e8 la medesima della partenza. Dopo l&#8217;arrivo bisogna comunicare la parola chiave al direttore di gara. Una parola chiave sbagliata o incompleta comporat la squalifica. La cartina e il pettorale devono essere riconsegnati all&#8217;arrivo.\u00a0<\/p>\r\n<p><br \/><br \/><br \/><br \/><br \/><\/p>\r\n<p>Termine della gara:<\/p>\r\n<p><br \/><br \/><br \/><\/p>\r\n<p>L&#8217;arrivo sar\u00e0 chiuso alle ore 13:00. I ritardatari non figureranno in classifica.\u00a0<\/p>\r\n<p><br \/><br \/><br \/><br \/><br \/><\/p>\r\n<p>Premiazione:<\/p>\r\n<p><br \/><br \/><br \/><\/p>\r\n<p>La premiazione \u00e8 prevista dopo il pranzo alle ore 14:00 al ristorante Murtar\u00f6l. Il premi in natura saranno sorteggiati tra i concorrenti.\u00a0<\/p>\r\n<p><br \/><br \/><br \/><br \/><br \/><\/p>\r\n<p>Assicurazione:<\/p>\r\n<p><br \/><br \/><br \/><\/p>\r\n<p>Ogni partecipante deve avere un&#8217;assicurazion RC. Il comitato organizzatore declina ogni responsabilit\u00e0 in caso di danni a persone\u00a0 e cose.\u00a0<\/p>\r\n<p><br \/><br \/><br \/><br \/><br \/><\/p>\r\n<p>Protezione della privacy:<\/p>\r\n<p><br \/>Protezione di dati:\u00a0<br \/><br \/><br \/><\/p>\r\n<p>Il comitato si riserva il diritto di fotografere e di utilizzare le foto per il sito e pubblicare lui vari media.\u00a0<\/p>\r\n<p><br \/><\/p>\r\n<p>I vostri dati saranno conservati ed elaborati ai fini della gestion e di Uonda Engiadinaisa. Nessuno dato sar\u00e0 trasmesso a terzi.\u00a0<\/p>\r\n<p><br \/><br \/><\/p>","protected":false},"excerpt":{"rendered":"<p>Teilnahmebedingungen: Zugelassen sind alle wind- und wellensicheren Ruder und Paddelboote, welche den gesetzlichen Vorschriften entsprechen. Ein Besatzungsmitglied ist f\u00fcr das Boot und alle Insassen verantwortlich und muss am Wettkampftag das 16. Altersjahr vollendet haben. Ausr\u00fcstung: Eine passende Schwimmweste ist f\u00fcr alle Teilnehmer OBLIGATORISCH. Je nach Wetter k\u00f6nnen K\u00e4lteschutzkleider erforderlich sein. Durchf\u00fchrung: Der Wettkampf wird bei [&hellip;]<\/p>\n","protected":false},"author":1,"featured_media":0,"parent":0,"menu_order":0,"comment_status":"closed","ping_status":"closed","template":"","meta":{"pagelayer_contact_templates":[],"_pagelayer_content":"","footnotes":""},"class_list":["post-100","page","type-page","status-publish","hentry"],"translation":{"provider":"WPGlobus","version":"3.0.0","language":"it","enabled_languages":["de","it"],"languages":{"de":{"title":true,"content":true,"excerpt":false},"it":{"title":true,"content":true,"excerpt":false}}},"_links":{"self":[{"href":"https:\/\/uonda.ch\/it\/wp-json\/wp\/v2\/pages\/100","targetHints":{"allow":["GET"]}}],"collection":[{"href":"https:\/\/uonda.ch\/it\/wp-json\/wp\/v2\/pages"}],"about":[{"href":"https:\/\/uonda.ch\/it\/wp-json\/wp\/v2\/types\/page"}],"author":[{"embeddable":true,"href":"https:\/\/uonda.ch\/it\/wp-json\/wp\/v2\/users\/1"}],"replies":[{"embeddable":true,"href":"https:\/\/uonda.ch\/it\/wp-json\/wp\/v2\/comments?post=100"}],"version-history":[{"count":34,"href":"https:\/\/uonda.ch\/it\/wp-json\/wp\/v2\/pages\/100\/revisions"}],"predecessor-version":[{"id":280,"href":"https:\/\/uonda.ch\/it\/wp-json\/wp\/v2\/pages\/100\/revisions\/280"}],"wp:attachment":[{"href":"https:\/\/uonda.ch\/it\/wp-json\/wp\/v2\/media?parent=100"}],"curies":[{"name":"wp","href":"https:\/\/api.w.org\/{rel}","templated":true}]}}